{"id":12337,"date":"2024-09-13T18:12:59","date_gmt":"2024-09-13T18:12:59","guid":{"rendered":"https:\/\/bookinghives.com\/?post_type=product&#038;p=12337"},"modified":"2024-09-28T22:52:17","modified_gmt":"2024-09-28T22:52:17","slug":"santo-domingo-los-haitises-national-park-day-trip","status":"publish","type":"product","link":"https:\/\/bookinghives.com\/pt\/dominican-republic\/santo-domingo-los-haitises-national-park-day-trip\/","title":{"rendered":"Santo Domingo: Viagem de um dia ao Parque Nacional Los Haitises"},"content":{"rendered":"<p>This unparalleled tour offers you the chance to discover the largest nature preserve in the Dominican Republic. Witness the jewel of the ecotourism trips on the Caribbean<\/p>\n<p>How many national parks have the Dominican Republic? Where is Los Haitises National Park? What\u2019s the meaning of Haitises? Which kind of nature can you find in Los Haitises? Which is the connection between Jurassic Park movie and Los Haitises? Why you should go soon to Los Haitises?. .<\/p>\n<p>You will discover the beautiful natural dreamlike scenery of marine and mangrove forests in the Bay of San Lorenzo. An unforgettable day of adventure that will immerse you in the true essence of what the Dominican Republic has to give.<\/p>\n<section class=\"full-description activity-experience__item\" data-test-id=\"activity-full-description\" data-v-2760aec9=\"\" data-v-5835c99c=\"\">\n<div class=\"activity-accordion-item\" data-v-5835c99c=\"\">\n<div class=\"activity-accordion-item__content--hidden activity-accordion-item__content\">\n<section class=\"toggle-content\" data-v-5835c99c=\"\" data-v-59485d64=\"\">\n<div class=\"toggle-content__content toggle-content__content--expanded\" data-v-59485d64=\"\">\n<div data-test-id=\"activity-full-description-text\" data-v-5835c99c=\"\">Get ready to experience the Dominican Republica from a different perspective. A local charismatic guide will reveal interesting facts about Los Haitises National Park.<\/div>\n<\/div>\n<\/section>\n<\/div>\n<\/div>\n<\/section>\n<section class=\"activity-includes activity-experience__item\" data-test-id=\"activity-includes-section\" data-v-2760aec9=\"\" data-v-7976cbc6=\"\">\n<div class=\"activity-accordion-item\" data-v-7976cbc6=\"\">\n<div class=\"activity-accordion-item-header\"><\/div>\n<\/div>\n<\/section>","protected":false},"excerpt":{"rendered":"<div data-track=\"overview\" data-v-83a2b402=\"\">\n<section id=\"activity-overview\" class=\"activity-overview\" data-component=\"overview\" data-v-83a2b402=\"\" data-v-f3236c42=\"\">\n<p class=\"activity-overview__content\" data-test-id=\"activity-overview-content\" data-v-f3236c42=\"\">Fa\u00e7a uma viagem \u00e0 maior reserva natural da Rep\u00fablica Dominicana. Explore grutas \u00fanicas com belas praias, veja exuberantes florestas de mangue de barco e visite a cidade isolada de Sabana de La Mar.<\/p>\n<\/section>\n<\/div>\n<div data-track=\"key-details\" data-v-83a2b402=\"\"><\/div>","protected":false},"featured_media":12338,"template":"","meta":[],"product_cat":[100],"product_tag":[102,101],"class_list":{"0":"post-12337","1":"product","2":"type-product","3":"status-publish","4":"has-post-thumbnail","6":"product_cat-dominican-republic","7":"product_tag-excursion","8":"product_tag-tour","10":"first","11":"instock","12":"shipping-taxable","13":"product-type-external"},"_links":{"self":[{"href":"https:\/\/bookinghives.com\/pt\/wp-json\/wp\/v2\/product\/12337","targetHints":{"allow":["GET"]}}],"collection":[{"href":"https:\/\/bookinghives.com\/pt\/wp-json\/wp\/v2\/product"}],"about":[{"href":"https:\/\/bookinghives.com\/pt\/wp-json\/wp\/v2\/types\/product"}],"wp:featuredmedia":[{"embeddable":true,"href":"https:\/\/bookinghives.com\/pt\/wp-json\/wp\/v2\/media\/12338"}],"wp:attachment":[{"href":"https:\/\/bookinghives.com\/pt\/wp-json\/wp\/v2\/media?parent=12337"}],"wp:term":[{"taxonomy":"product_cat","embeddable":true,"href":"https:\/\/bookinghives.com\/pt\/wp-json\/wp\/v2\/product_cat?post=12337"},{"taxonomy":"product_tag","embeddable":true,"href":"https:\/\/bookinghives.com\/pt\/wp-json\/wp\/v2\/product_tag?post=12337"}],"curies":[{"name":"wp","href":"https:\/\/api.w.org\/{rel}","templated":true}]}}